{"id":7,"date":"2020-01-02T13:52:18","date_gmt":"2020-01-02T13:52:18","guid":{"rendered":"https:\/\/www.sinonim.hr\/?page_id=7"},"modified":"2026-02-16T16:34:50","modified_gmt":"2026-02-16T14:34:50","slug":"pocetna","status":"publish","type":"page","link":"https:\/\/www.sinonim.hr\/de\/","title":{"rendered":"Naslovna"},"content":{"rendered":"","protected":false},"excerpt":{"rendered":"","protected":false},"author":1,"featured_media":10122,"parent":0,"menu_order":0,"comment_status":"closed","ping_status":"closed","template":"","meta":{"_monsterinsights_skip_tracking":false,"_monsterinsights_sitenote_active":false,"_monsterinsights_sitenote_note":"","_monsterinsights_sitenote_category":0},"yoast_head":"<!-- This site is optimized with the Yoast SEO plugin v19.13 - https:\/\/yoast.com\/wordpress\/plugins\/seo\/ -->\n<title>Agencija Sinonim | Prijevodi | Digitalni marketing | Prijevod u duhu jezika<\/title>\n<meta name=\"description\" content=\"Va\u0161 partner za jezik i tr\u017ei\u0161ni nastup. Nudimo stru\u010dne prijevode pravne i tehni\u010dke dokumentacije, kao i kreiranje sadr\u017eaja, strategije i vo\u0111enje digitalnih kampanja.\" \/>\n<meta name=\"robots\" content=\"index, follow, max-snippet:-1, max-image-preview:large, max-video-preview:-1\" \/>\n<link rel=\"canonical\" href=\"https:\/\/www.sinonim.hr\/de\/\" \/>\n<meta property=\"og:locale\" content=\"de_DE\" \/>\n<meta property=\"og:type\" content=\"article\" \/>\n<meta property=\"og:title\" content=\"Agencija Sinonim | Prijevodi | Digitalni marketing | Prijevod u duhu jezika\" \/>\n<meta property=\"og:description\" content=\"Va\u0161 partner za jezik i tr\u017ei\u0161ni nastup. Nudimo stru\u010dne prijevode pravne i tehni\u010dke dokumentacije, kao i kreiranje sadr\u017eaja, strategije i vo\u0111enje digitalnih kampanja.\" \/>\n<meta property=\"og:url\" content=\"https:\/\/www.sinonim.hr\/de\/\" \/>\n<meta property=\"og:site_name\" content=\"Agencija Sinonim | Prijevodi | Digitalni marketing\" \/>\n<meta property=\"article:publisher\" content=\"https:\/\/www.facebook.com\/sinonimprijevodi\/\" \/>\n<meta property=\"article:modified_time\" content=\"2026-02-16T14:34:50+00:00\" \/>\n<meta property=\"og:image\" content=\"https:\/\/www.sinonim.hr\/wp-content\/uploads\/2020\/06\/sinonim.png\" \/>\n\t<meta property=\"og:image:width\" content=\"1640\" \/>\n\t<meta property=\"og:image:height\" content=\"640\" \/>\n\t<meta property=\"og:image:type\" content=\"image\/png\" \/>\n<meta name=\"twitter:card\" content=\"summary_large_image\" \/>\n<script type=\"application\/ld+json\" class=\"yoast-schema-graph\">{\"@context\":\"https:\/\/schema.org\",\"@graph\":[{\"@type\":\"WebPage\",\"@id\":\"https:\/\/www.sinonim.hr\/\",\"url\":\"https:\/\/www.sinonim.hr\/\",\"name\":\"Agencija Sinonim | Prijevodi | Digitalni marketing | Prijevod u duhu jezika\",\"isPartOf\":{\"@id\":\"https:\/\/www.sinonim.hr\/de\/#website\"},\"datePublished\":\"2020-01-02T13:52:18+00:00\",\"dateModified\":\"2026-02-16T14:34:50+00:00\",\"description\":\"Va\u0161 partner za jezik i tr\u017ei\u0161ni nastup. Nudimo stru\u010dne prijevode pravne i tehni\u010dke dokumentacije, kao i kreiranje sadr\u017eaja, strategije i vo\u0111enje digitalnih kampanja.\",\"breadcrumb\":{\"@id\":\"https:\/\/www.sinonim.hr\/#breadcrumb\"},\"inLanguage\":\"de-DE\",\"potentialAction\":[{\"@type\":\"ReadAction\",\"target\":[\"https:\/\/www.sinonim.hr\/\"]}]},{\"@type\":\"BreadcrumbList\",\"@id\":\"https:\/\/www.sinonim.hr\/#breadcrumb\",\"itemListElement\":[{\"@type\":\"ListItem\",\"position\":1,\"name\":\"Home\",\"item\":\"https:\/\/www.sinonim.hr\/\"},{\"@type\":\"ListItem\",\"position\":2,\"name\":\"Naslovna\"}]},{\"@type\":\"WebSite\",\"@id\":\"https:\/\/www.sinonim.hr\/de\/#website\",\"url\":\"https:\/\/www.sinonim.hr\/de\/\",\"name\":\"Agencija Sinonim | Prijevodi | Digitalni marketing\",\"description\":\"Prijevod u duhu jezika\",\"potentialAction\":[{\"@type\":\"SearchAction\",\"target\":{\"@type\":\"EntryPoint\",\"urlTemplate\":\"https:\/\/www.sinonim.hr\/de\/?s={search_term_string}\"},\"query-input\":\"required name=search_term_string\"}],\"inLanguage\":\"de-DE\"}]}<\/script>\n<!-- \/ Yoast SEO plugin. -->","yoast_head_json":{"title":"Agencija Sinonim | Prijevodi | Digitalni marketing | Prijevod u duhu jezika","description":"Va\u0161 partner za jezik i tr\u017ei\u0161ni nastup. Nudimo stru\u010dne prijevode pravne i tehni\u010dke dokumentacije, kao i kreiranje sadr\u017eaja, strategije i vo\u0111enje digitalnih kampanja.","robots":{"index":"index","follow":"follow","max-snippet":"max-snippet:-1","max-image-preview":"max-image-preview:large","max-video-preview":"max-video-preview:-1"},"canonical":"https:\/\/www.sinonim.hr\/de\/","og_locale":"de_DE","og_type":"article","og_title":"Agencija Sinonim | Prijevodi | Digitalni marketing | Prijevod u duhu jezika","og_description":"Va\u0161 partner za jezik i tr\u017ei\u0161ni nastup. Nudimo stru\u010dne prijevode pravne i tehni\u010dke dokumentacije, kao i kreiranje sadr\u017eaja, strategije i vo\u0111enje digitalnih kampanja.","og_url":"https:\/\/www.sinonim.hr\/de\/","og_site_name":"Agencija Sinonim | Prijevodi | Digitalni marketing","article_publisher":"https:\/\/www.facebook.com\/sinonimprijevodi\/","article_modified_time":"2026-02-16T14:34:50+00:00","og_image":[{"width":1640,"height":640,"url":"https:\/\/www.sinonim.hr\/wp-content\/uploads\/2020\/06\/sinonim.png","type":"image\/png"}],"twitter_card":"summary_large_image","schema":{"@context":"https:\/\/schema.org","@graph":[{"@type":"WebPage","@id":"https:\/\/www.sinonim.hr\/","url":"https:\/\/www.sinonim.hr\/","name":"Agencija Sinonim | Prijevodi | Digitalni marketing | Prijevod u duhu jezika","isPartOf":{"@id":"https:\/\/www.sinonim.hr\/de\/#website"},"datePublished":"2020-01-02T13:52:18+00:00","dateModified":"2026-02-16T14:34:50+00:00","description":"Va\u0161 partner za jezik i tr\u017ei\u0161ni nastup. Nudimo stru\u010dne prijevode pravne i tehni\u010dke dokumentacije, kao i kreiranje sadr\u017eaja, strategije i vo\u0111enje digitalnih kampanja.","breadcrumb":{"@id":"https:\/\/www.sinonim.hr\/#breadcrumb"},"inLanguage":"de-DE","potentialAction":[{"@type":"ReadAction","target":["https:\/\/www.sinonim.hr\/"]}]},{"@type":"BreadcrumbList","@id":"https:\/\/www.sinonim.hr\/#breadcrumb","itemListElement":[{"@type":"ListItem","position":1,"name":"Home","item":"https:\/\/www.sinonim.hr\/"},{"@type":"ListItem","position":2,"name":"Naslovna"}]},{"@type":"WebSite","@id":"https:\/\/www.sinonim.hr\/de\/#website","url":"https:\/\/www.sinonim.hr\/de\/","name":"Agencija Sinonim | Prijevodi | Digitalni marketing","description":"Prijevod u duhu jezika","potentialAction":[{"@type":"SearchAction","target":{"@type":"EntryPoint","urlTemplate":"https:\/\/www.sinonim.hr\/de\/?s={search_term_string}"},"query-input":"required name=search_term_string"}],"inLanguage":"de-DE"}]}},"_links":{"self":[{"href":"https:\/\/www.sinonim.hr\/de\/wp-json\/wp\/v2\/pages\/7"}],"collection":[{"href":"https:\/\/www.sinonim.hr\/de\/wp-json\/wp\/v2\/pages"}],"about":[{"href":"https:\/\/www.sinonim.hr\/de\/wp-json\/wp\/v2\/types\/page"}],"author":[{"embeddable":true,"href":"https:\/\/www.sinonim.hr\/de\/wp-json\/wp\/v2\/users\/1"}],"replies":[{"embeddable":true,"href":"https:\/\/www.sinonim.hr\/de\/wp-json\/wp\/v2\/comments?post=7"}],"version-history":[{"count":2,"href":"https:\/\/www.sinonim.hr\/de\/wp-json\/wp\/v2\/pages\/7\/revisions"}],"predecessor-version":[{"id":9571,"href":"https:\/\/www.sinonim.hr\/de\/wp-json\/wp\/v2\/pages\/7\/revisions\/9571"}],"wp:featuredmedia":[{"embeddable":true,"href":"https:\/\/www.sinonim.hr\/de\/wp-json\/wp\/v2\/media\/10122"}],"wp:attachment":[{"href":"https:\/\/www.sinonim.hr\/de\/wp-json\/wp\/v2\/media?parent=7"}],"curies":[{"name":"wp","href":"https:\/\/api.w.org\/{rel}","templated":true}]}}